{"id":754,"date":"2023-12-15T12:17:16","date_gmt":"2023-12-15T12:17:16","guid":{"rendered":"https:\/\/www.lx-xxx.com\/?page_id=754"},"modified":"2024-04-05T11:07:14","modified_gmt":"2024-04-05T11:07:14","slug":"our-brands-2","status":"publish","type":"page","link":"https:\/\/www.lx-xxx.com\/en\/our-brands-2\/","title":{"rendered":"OUR BRANDS"},"content":{"rendered":"<div data-elementor-type=\"wp-page\" data-elementor-id=\"754\" class=\"elementor elementor-754\" data-elementor-post-type=\"page\">\n\t\t\t\t<div class=\"elementor-element elementor-element-76591490 e-con-full e-flex e-con e-parent\" data-id=\"76591490\" data-element_type=\"container\">\n\t\t<div class=\"elementor-element elementor-element-f47e51c e-con-full e-flex e-con e-child\" data-id=\"f47e51c\" data-element_type=\"container\" data-settings=\"{&quot;background_background&quot;:&quot;video&quot;,&quot;background_video_link&quot;:&quot;https:\\\/\\\/vimeo.com\\\/910082138&quot;,&quot;background_play_on_mobile&quot;:&quot;yes&quot;}\">\n\t\t<div class=\"elementor-background-video-container\">\n\t\t\t\t\t\t\t<div class=\"elementor-background-video-embed\"><\/div>\n\t\t\t\t\t\t<\/div>\t\t<div class=\"elementor-element elementor-element-d2700cf elementor-widget__width-initial elementor-widget-tablet__width-inherit e-transform elementor-widget elementor-widget-e_image_hover_effects\" data-id=\"d2700cf\" data-element_type=\"widget\" data-settings=\"{&quot;_transform_scale_effect&quot;:{&quot;unit&quot;:&quot;px&quot;,&quot;size&quot;:0.7,&quot;sizes&quot;:[]},&quot;_transform_scale_effect_mobile&quot;:{&quot;unit&quot;:&quot;px&quot;,&quot;size&quot;:0.8,&quot;sizes&quot;:[]},&quot;_transform_scale_effect_tablet&quot;:{&quot;unit&quot;:&quot;px&quot;,&quot;size&quot;:&quot;&quot;,&quot;sizes&quot;:[]}}\" data-widget_type=\"e_image_hover_effects.default\">\n\t\t\t\t<div class=\"elementor-widget-container\">\n\t\t\t\t\t\t\t\t<a href=\"https:\/\/www.whiteroomlisboa.com\/\">\n\t\t\t\t\t<div class=\"eihe-box eihe-fade-in-up eihe_\">\n\t\t\t\t<img fetchpriority=\"high\" decoding=\"async\" width=\"1024\" height=\"621\" src=\"https:\/\/www.lx-xxx.com\/wp-content\/uploads\/2023\/12\/a-1024x621.png\" class=\"attachment-large size-large wp-image-1008\" alt=\"\" srcset=\"https:\/\/www.lx-xxx.com\/wp-content\/uploads\/2023\/12\/a-1024x621.png 1024w, https:\/\/www.lx-xxx.com\/wp-content\/uploads\/2023\/12\/a-300x182.png 300w, https:\/\/www.lx-xxx.com\/wp-content\/uploads\/2023\/12\/a-768x466.png 768w, https:\/\/www.lx-xxx.com\/wp-content\/uploads\/2023\/12\/a.png 1250w\" sizes=\"(max-width: 1024px) 100vw, 1024px\" \/>\t\t\t\t<div class=\"eihe-caption\">\n\t\t\t\t\t<div class=\"eihe-title-cover\">\n\t\t\t\t\t\t\t\t\t\t\t\t<h3 class=\"eihe-title\"><\/h3>\n\t\t\t\t\t\t\t\t\t\t\t<\/div>\n\t\t\t\t\t<p>WHITE WALLS, \nCOLORFUL MINDS<\/p>\n\t\t\t\t<\/div>\n\t\t\t<\/div>\n\t\t\t\t\t<\/a>\n\t\t\t\t\t\t<\/div>\n\t\t\t\t<\/div>\n\t\t\t\t<\/div>\n\t\t\t\t<div class=\"elementor-element elementor-element-c1410c3 elementor-widget__width-initial elementor-widget-mobile__width-initial elementor-widget elementor-widget-heading\" data-id=\"c1410c3\" data-element_type=\"widget\" data-widget_type=\"heading.default\">\n\t\t\t\t<div class=\"elementor-widget-container\">\n\t\t\t\t\t<h2 class=\"elementor-heading-title elementor-size-medium\">It's a blank canvas for your vision, vast yet intimate, forever retaining its artistic identity. \n<br><br>\nIt's a blank canvas on which you can draw your vision, a spacious area limited only by the surrounding walls\u2014free, yet never losing its artistic identity.<\/h2>\t\t\t\t<\/div>\n\t\t\t\t<\/div>\n\t\t\t\t<\/div>\n\t\t<div class=\"elementor-element elementor-element-744ca239 e-flex e-con-boxed e-con e-parent\" data-id=\"744ca239\" data-element_type=\"container\">\n\t\t\t\t\t<div class=\"e-con-inner\">\n\t\t\t\t<div class=\"elementor-element elementor-element-48e8628 elementor-align-right elementor-mobile-align-center elementor-widget elementor-widget-button\" data-id=\"48e8628\" data-element_type=\"widget\" data-widget_type=\"button.default\">\n\t\t\t\t<div class=\"elementor-widget-container\">\n\t\t\t\t\t\t\t\t\t<div class=\"elementor-button-wrapper\">\n\t\t\t\t\t<a class=\"elementor-button elementor-button-link elementor-size-sm elementor-animation-grow\" href=\"https:\/\/www.whiteroomlisboa.com\/\" target=\"_blank\">\n\t\t\t\t\t\t<span class=\"elementor-button-content-wrapper\">\n\t\t\t\t\t\t\t\t\t<span class=\"elementor-button-text\"> WHITE ROOM WEBSITE<\/span>\n\t\t\t\t\t<\/span>\n\t\t\t\t\t<\/a>\n\t\t\t\t<\/div>\n\t\t\t\t\t\t\t\t<\/div>\n\t\t\t\t<\/div>\n\t\t\t\t\t<\/div>\n\t\t\t\t<\/div>\n\t\t<div class=\"elementor-element elementor-element-c3520c4 e-con-full e-flex e-con e-parent\" data-id=\"c3520c4\" data-element_type=\"container\">\n\t\t<div class=\"elementor-element elementor-element-97aebbd e-con-full e-flex e-con e-child\" data-id=\"97aebbd\" data-element_type=\"container\" data-settings=\"{&quot;background_background&quot;:&quot;video&quot;,&quot;background_video_link&quot;:&quot;https:\\\/\\\/youtu.be\\\/aGHwjapc4Z8&quot;,&quot;background_play_on_mobile&quot;:&quot;yes&quot;}\">\n\t\t<div class=\"elementor-background-video-container\">\n\t\t\t\t\t\t\t<div class=\"elementor-background-video-embed\"><\/div>\n\t\t\t\t\t\t<\/div>\t\t<div class=\"elementor-element elementor-element-db4bfd1 elementor-widget__width-initial elementor-widget-tablet__width-inherit e-transform elementor-widget elementor-widget-e_image_hover_effects\" data-id=\"db4bfd1\" data-element_type=\"widget\" data-settings=\"{&quot;_transform_scale_effect&quot;:{&quot;unit&quot;:&quot;px&quot;,&quot;size&quot;:0.7,&quot;sizes&quot;:[]},&quot;_transform_scale_effect_mobile&quot;:{&quot;unit&quot;:&quot;px&quot;,&quot;size&quot;:0.8,&quot;sizes&quot;:[]},&quot;_transform_scale_effect_tablet&quot;:{&quot;unit&quot;:&quot;px&quot;,&quot;size&quot;:0.9,&quot;sizes&quot;:[]}}\" data-widget_type=\"e_image_hover_effects.default\">\n\t\t\t\t<div class=\"elementor-widget-container\">\n\t\t\t\t\t\t\t\t<div class=\"eihe-box eihe-fade-in-up eihe_\">\n\t\t\t\t<img decoding=\"async\" width=\"638\" height=\"453\" src=\"https:\/\/www.lx-xxx.com\/wp-content\/uploads\/2024\/02\/branco-1.png\" class=\"attachment-large size-large wp-image-1994\" alt=\"\" srcset=\"https:\/\/www.lx-xxx.com\/wp-content\/uploads\/2024\/02\/branco-1.png 638w, https:\/\/www.lx-xxx.com\/wp-content\/uploads\/2024\/02\/branco-1-300x213.png 300w, https:\/\/www.lx-xxx.com\/wp-content\/uploads\/2024\/02\/branco-1-18x12.png 18w\" sizes=\"(max-width: 638px) 100vw, 638px\" \/>\t\t\t\t<div class=\"eihe-caption\">\n\t\t\t\t\t<div class=\"eihe-title-cover\">\n\t\t\t\t\t\t\t\t\t\t\t\t<h3 class=\"eihe-title\"><\/h3>\n\t\t\t\t\t\t\t\t\t\t\t<\/div>\n\t\t\t\t\t<p>representing creatives worldwide<\/p>\n\t\t\t\t<\/div>\n\t\t\t<\/div>\n\t\t\t\t\t\t<\/div>\n\t\t\t\t<\/div>\n\t\t\t\t<\/div>\n\t\t\t\t<div class=\"elementor-element elementor-element-f6d2cf7 elementor-widget__width-initial elementor-widget-mobile__width-initial elementor-widget elementor-widget-heading\" data-id=\"f6d2cf7\" data-element_type=\"widget\" data-widget_type=\"heading.default\">\n\t\t\t\t<div class=\"elementor-widget-container\">\n\t\t\t\t\t<h2 class=\"elementor-heading-title elementor-size-medium\">The Office Production is a creative and production agency specializing in brand design, video production, and photography. It also serves as a representation agency for a diverse group of image and sound creators in the creative industry. <br><br>\nCommitted to excellence, we offer additional services like accommodation, luxury transportation with professional drivers, and production teams for advertising, fashion, art, and shows. Rigor, aesthetics, and detail define our DNA. <br><br>\nRigor, aesthetics, and attention to detail define our DNA.<\/h2>\t\t\t\t<\/div>\n\t\t\t\t<\/div>\n\t\t\t\t<\/div>\n\t\t\t\t<\/div>","protected":false},"excerpt":{"rendered":"<p>WHITE WALLS, COLORFUL MINDS Marcada pelo contraste entre as paredes brancas que envolvem a sala e o negro que pinta a decora\u00e7\u00e3o, The White Room, um espa\u00e7o neutro ao estilo de um loft urbano, apresenta-se como uma sala para experi\u00eancias, onde s\u00f3 as marcantes t\u00eam espa\u00e7o. Uma tela em branco, na qual pode desenhar a [&hellip;]<\/p>","protected":false},"author":1,"featured_media":0,"parent":0,"menu_order":0,"comment_status":"closed","ping_status":"closed","template":"","meta":{"site-sidebar-layout":"no-sidebar","site-content-layout":"","ast-site-content-layout":"full-width-container","site-content-style":"default","site-sidebar-style":"default","ast-global-header-display":"","ast-banner-title-visibility":"","ast-main-header-display":"","ast-hfb-above-header-display":"","ast-hfb-below-header-display":"","ast-hfb-mobile-header-display":"","site-post-title":"disabled","ast-breadcrumbs-content":"","ast-featured-img":"disabled","footer-sml-layout":"","theme-transparent-header-meta":"","adv-header-id-meta":"","stick-header-meta":"","header-above-stick-meta":"","header-main-stick-meta":"","header-below-stick-meta":"","astra-migrate-meta-layouts":"default","ast-page-background-enabled":"default","ast-page-background-meta":{"desktop":{"background-color":"var(--ast-global-color-4)","background-image":"","background-repeat":"repeat","background-position":"center center","background-size":"auto","background-attachment":"scroll","background-type":"","background-media":"","overlay-type":"","overlay-color":"","overlay-gradient":""},"tablet":{"background-color":"","background-image":"","background-repeat":"repeat","background-position":"center center","background-size":"auto","background-attachment":"scroll","background-type":"","background-media":"","overlay-type":"","overlay-color":"","overlay-gradient":""},"mobile":{"background-color":"","background-image":"","background-repeat":"repeat","background-position":"center center","background-size":"auto","background-attachment":"scroll","background-type":"","background-media":"","overlay-type":"","overlay-color":"","overlay-gradient":""}},"ast-content-background-meta":{"desktop":{"background-color":"var(--ast-global-color-5)","background-image":"","background-repeat":"repeat","background-position":"center center","background-size":"auto","background-attachment":"scroll","background-type":"","background-media":"","overlay-type":"","overlay-color":"","overlay-gradient":""},"tablet":{"background-color":"var(--ast-global-color-5)","background-image":"","background-repeat":"repeat","background-position":"center center","background-size":"auto","background-attachment":"scroll","background-type":"","background-media":"","overlay-type":"","overlay-color":"","overlay-gradient":""},"mobile":{"background-color":"var(--ast-global-color-5)","background-image":"","background-repeat":"repeat","background-position":"center center","background-size":"auto","background-attachment":"scroll","background-type":"","background-media":"","overlay-type":"","overlay-color":"","overlay-gradient":""}},"footnotes":""},"class_list":["post-754","page","type-page","status-publish","hentry"],"yoast_head":"<!-- This site is optimized with the Yoast SEO plugin v24.9 - https:\/\/yoast.com\/wordpress\/plugins\/seo\/ -->\n<title>OUR BRANDS - LX.XXX<\/title>\n<meta name=\"robots\" content=\"index, follow, max-snippet:-1, max-image-preview:large, max-video-preview:-1\" \/>\n<link rel=\"canonical\" href=\"https:\/\/www.lx-xxx.com\/en\/our-brands-2\/\" \/>\n<meta property=\"og:locale\" content=\"en_US\" \/>\n<meta property=\"og:type\" content=\"article\" \/>\n<meta property=\"og:title\" content=\"OUR BRANDS - LX.XXX\" \/>\n<meta property=\"og:description\" content=\"WHITE WALLS, COLORFUL MINDS Marcada pelo contraste entre as paredes brancas que envolvem a sala e o negro que pinta a decora\u00e7\u00e3o, The White Room, um espa\u00e7o neutro ao estilo de um loft urbano, apresenta-se como uma sala para experi\u00eancias, onde s\u00f3 as marcantes t\u00eam espa\u00e7o. Uma tela em branco, na qual pode desenhar a [&hellip;]\" \/>\n<meta property=\"og:url\" content=\"https:\/\/www.lx-xxx.com\/en\/our-brands-2\/\" \/>\n<meta property=\"og:site_name\" content=\"LX.XXX\" \/>\n<meta property=\"article:modified_time\" content=\"2024-04-05T11:07:14+00:00\" \/>\n<meta property=\"og:image\" content=\"https:\/\/www.lx-xxx.com\/wp-content\/uploads\/2023\/12\/a-1024x621.png\" \/>\n<meta name=\"twitter:card\" content=\"summary_large_image\" \/>\n<meta name=\"twitter:label1\" content=\"Est. reading time\" \/>\n\t<meta name=\"twitter:data1\" content=\"2 minutes\" \/>\n<script type=\"application\/ld+json\" class=\"yoast-schema-graph\">{\"@context\":\"https:\/\/schema.org\",\"@graph\":[{\"@type\":\"WebPage\",\"@id\":\"https:\/\/www.lx-xxx.com\/en\/our-brands-2\/\",\"url\":\"https:\/\/www.lx-xxx.com\/en\/our-brands-2\/\",\"name\":\"OUR BRANDS - LX.XXX\",\"isPartOf\":{\"@id\":\"https:\/\/www.lx-xxx.com\/en\/#website\"},\"primaryImageOfPage\":{\"@id\":\"https:\/\/www.lx-xxx.com\/en\/our-brands-2\/#primaryimage\"},\"image\":{\"@id\":\"https:\/\/www.lx-xxx.com\/en\/our-brands-2\/#primaryimage\"},\"thumbnailUrl\":\"https:\/\/www.lx-xxx.com\/wp-content\/uploads\/2023\/12\/a-1024x621.png\",\"datePublished\":\"2023-12-15T12:17:16+00:00\",\"dateModified\":\"2024-04-05T11:07:14+00:00\",\"breadcrumb\":{\"@id\":\"https:\/\/www.lx-xxx.com\/en\/our-brands-2\/#breadcrumb\"},\"inLanguage\":\"en-US\",\"potentialAction\":[{\"@type\":\"ReadAction\",\"target\":[\"https:\/\/www.lx-xxx.com\/en\/our-brands-2\/\"]}]},{\"@type\":\"ImageObject\",\"inLanguage\":\"en-US\",\"@id\":\"https:\/\/www.lx-xxx.com\/en\/our-brands-2\/#primaryimage\",\"url\":\"https:\/\/www.lx-xxx.com\/wp-content\/uploads\/2023\/12\/a-1024x621.png\",\"contentUrl\":\"https:\/\/www.lx-xxx.com\/wp-content\/uploads\/2023\/12\/a-1024x621.png\"},{\"@type\":\"BreadcrumbList\",\"@id\":\"https:\/\/www.lx-xxx.com\/en\/our-brands-2\/#breadcrumb\",\"itemListElement\":[{\"@type\":\"ListItem\",\"position\":1,\"name\":\"Home\",\"item\":\"https:\/\/www.lx-xxx.com\/en\/\"},{\"@type\":\"ListItem\",\"position\":2,\"name\":\"OUR BRANDS\"}]},{\"@type\":\"WebSite\",\"@id\":\"https:\/\/www.lx-xxx.com\/en\/#website\",\"url\":\"https:\/\/www.lx-xxx.com\/en\/\",\"name\":\"LX.XXX\",\"description\":\"\",\"publisher\":{\"@id\":\"https:\/\/www.lx-xxx.com\/en\/#organization\"},\"potentialAction\":[{\"@type\":\"SearchAction\",\"target\":{\"@type\":\"EntryPoint\",\"urlTemplate\":\"https:\/\/www.lx-xxx.com\/en\/?s={search_term_string}\"},\"query-input\":{\"@type\":\"PropertyValueSpecification\",\"valueRequired\":true,\"valueName\":\"search_term_string\"}}],\"inLanguage\":\"en-US\"},{\"@type\":\"Organization\",\"@id\":\"https:\/\/www.lx-xxx.com\/en\/#organization\",\"name\":\"LX.XXX Lisboa Amsterdam\",\"url\":\"https:\/\/www.lx-xxx.com\/en\/\",\"logo\":{\"@type\":\"ImageObject\",\"inLanguage\":\"en-US\",\"@id\":\"https:\/\/www.lx-xxx.com\/en\/#\/schema\/logo\/image\/\",\"url\":\"https:\/\/www.lx-xxx.com\/wp-content\/uploads\/2024\/01\/cropped-favicon.png\",\"contentUrl\":\"https:\/\/www.lx-xxx.com\/wp-content\/uploads\/2024\/01\/cropped-favicon.png\",\"width\":512,\"height\":512,\"caption\":\"LX.XXX Lisboa Amsterdam\"},\"image\":{\"@id\":\"https:\/\/www.lx-xxx.com\/en\/#\/schema\/logo\/image\/\"},\"sameAs\":[\"https:\/\/www.instagram.com\/lisboamsterdam\/?hl=en\"]}]}<\/script>\n<!-- \/ Yoast SEO plugin. -->","yoast_head_json":{"title":"OUR BRANDS - LX.XXX","robots":{"index":"index","follow":"follow","max-snippet":"max-snippet:-1","max-image-preview":"max-image-preview:large","max-video-preview":"max-video-preview:-1"},"canonical":"https:\/\/www.lx-xxx.com\/en\/our-brands-2\/","og_locale":"en_US","og_type":"article","og_title":"OUR BRANDS - LX.XXX","og_description":"WHITE WALLS, COLORFUL MINDS Marcada pelo contraste entre as paredes brancas que envolvem a sala e o negro que pinta a decora\u00e7\u00e3o, The White Room, um espa\u00e7o neutro ao estilo de um loft urbano, apresenta-se como uma sala para experi\u00eancias, onde s\u00f3 as marcantes t\u00eam espa\u00e7o. Uma tela em branco, na qual pode desenhar a [&hellip;]","og_url":"https:\/\/www.lx-xxx.com\/en\/our-brands-2\/","og_site_name":"LX.XXX","article_modified_time":"2024-04-05T11:07:14+00:00","og_image":[{"url":"https:\/\/www.lx-xxx.com\/wp-content\/uploads\/2023\/12\/a-1024x621.png","type":"","width":"","height":""}],"twitter_card":"summary_large_image","twitter_misc":{"Est. reading time":"2 minutes"},"schema":{"@context":"https:\/\/schema.org","@graph":[{"@type":"WebPage","@id":"https:\/\/www.lx-xxx.com\/en\/our-brands-2\/","url":"https:\/\/www.lx-xxx.com\/en\/our-brands-2\/","name":"OUR BRANDS - LX.XXX","isPartOf":{"@id":"https:\/\/www.lx-xxx.com\/en\/#website"},"primaryImageOfPage":{"@id":"https:\/\/www.lx-xxx.com\/en\/our-brands-2\/#primaryimage"},"image":{"@id":"https:\/\/www.lx-xxx.com\/en\/our-brands-2\/#primaryimage"},"thumbnailUrl":"https:\/\/www.lx-xxx.com\/wp-content\/uploads\/2023\/12\/a-1024x621.png","datePublished":"2023-12-15T12:17:16+00:00","dateModified":"2024-04-05T11:07:14+00:00","breadcrumb":{"@id":"https:\/\/www.lx-xxx.com\/en\/our-brands-2\/#breadcrumb"},"inLanguage":"en-US","potentialAction":[{"@type":"ReadAction","target":["https:\/\/www.lx-xxx.com\/en\/our-brands-2\/"]}]},{"@type":"ImageObject","inLanguage":"en-US","@id":"https:\/\/www.lx-xxx.com\/en\/our-brands-2\/#primaryimage","url":"https:\/\/www.lx-xxx.com\/wp-content\/uploads\/2023\/12\/a-1024x621.png","contentUrl":"https:\/\/www.lx-xxx.com\/wp-content\/uploads\/2023\/12\/a-1024x621.png"},{"@type":"BreadcrumbList","@id":"https:\/\/www.lx-xxx.com\/en\/our-brands-2\/#breadcrumb","itemListElement":[{"@type":"ListItem","position":1,"name":"Home","item":"https:\/\/www.lx-xxx.com\/en\/"},{"@type":"ListItem","position":2,"name":"OUR BRANDS"}]},{"@type":"WebSite","@id":"https:\/\/www.lx-xxx.com\/en\/#website","url":"https:\/\/www.lx-xxx.com\/en\/","name":"LX.XXX","description":"","publisher":{"@id":"https:\/\/www.lx-xxx.com\/en\/#organization"},"potentialAction":[{"@type":"SearchAction","target":{"@type":"EntryPoint","urlTemplate":"https:\/\/www.lx-xxx.com\/en\/?s={search_term_string}"},"query-input":{"@type":"PropertyValueSpecification","valueRequired":true,"valueName":"search_term_string"}}],"inLanguage":"en-US"},{"@type":"Organization","@id":"https:\/\/www.lx-xxx.com\/en\/#organization","name":"LX.XXX Lisboa Amsterdam","url":"https:\/\/www.lx-xxx.com\/en\/","logo":{"@type":"ImageObject","inLanguage":"en-US","@id":"https:\/\/www.lx-xxx.com\/en\/#\/schema\/logo\/image\/","url":"https:\/\/www.lx-xxx.com\/wp-content\/uploads\/2024\/01\/cropped-favicon.png","contentUrl":"https:\/\/www.lx-xxx.com\/wp-content\/uploads\/2024\/01\/cropped-favicon.png","width":512,"height":512,"caption":"LX.XXX Lisboa Amsterdam"},"image":{"@id":"https:\/\/www.lx-xxx.com\/en\/#\/schema\/logo\/image\/"},"sameAs":["https:\/\/www.instagram.com\/lisboamsterdam\/?hl=en"]}]}},"_links":{"self":[{"href":"https:\/\/www.lx-xxx.com\/en\/wp-json\/wp\/v2\/pages\/754","targetHints":{"allow":["GET"]}}],"collection":[{"href":"https:\/\/www.lx-xxx.com\/en\/wp-json\/wp\/v2\/pages"}],"about":[{"href":"https:\/\/www.lx-xxx.com\/en\/wp-json\/wp\/v2\/types\/page"}],"author":[{"embeddable":true,"href":"https:\/\/www.lx-xxx.com\/en\/wp-json\/wp\/v2\/users\/1"}],"replies":[{"embeddable":true,"href":"https:\/\/www.lx-xxx.com\/en\/wp-json\/wp\/v2\/comments?post=754"}],"version-history":[{"count":10,"href":"https:\/\/www.lx-xxx.com\/en\/wp-json\/wp\/v2\/pages\/754\/revisions"}],"predecessor-version":[{"id":2284,"href":"https:\/\/www.lx-xxx.com\/en\/wp-json\/wp\/v2\/pages\/754\/revisions\/2284"}],"wp:attachment":[{"href":"https:\/\/www.lx-xxx.com\/en\/wp-json\/wp\/v2\/media?parent=754"}],"curies":[{"name":"wp","href":"https:\/\/api.w.org\/{rel}","templated":true}]}}