{"id":14,"date":"2023-12-10T19:34:31","date_gmt":"2023-12-10T19:34:31","guid":{"rendered":"https:\/\/www.lx-xxx.com\/?page_id=14"},"modified":"2024-04-23T10:05:56","modified_gmt":"2024-04-23T10:05:56","slug":"we-are","status":"publish","type":"page","link":"https:\/\/www.lx-xxx.com\/en\/we-are\/","title":{"rendered":"We are"},"content":{"rendered":"<div data-elementor-type=\"wp-page\" data-elementor-id=\"14\" class=\"elementor elementor-14\" data-elementor-post-type=\"page\">\n\t\t\t\t<div class=\"elementor-element elementor-element-e9f40d8 e-con-full e-flex e-con e-parent\" data-id=\"e9f40d8\" data-element_type=\"container\" id=\"weare\" data-settings=\"{&quot;background_background&quot;:&quot;video&quot;,&quot;motion_fx_motion_fx_scrolling&quot;:&quot;yes&quot;,&quot;motion_fx_blur_direction&quot;:&quot;in-out&quot;,&quot;motion_fx_blur_range&quot;:{&quot;unit&quot;:&quot;%&quot;,&quot;size&quot;:&quot;&quot;,&quot;sizes&quot;:{&quot;start&quot;:28,&quot;end&quot;:100}},&quot;motion_fx_blur_effect&quot;:&quot;yes&quot;,&quot;motion_fx_blur_level&quot;:{&quot;unit&quot;:&quot;px&quot;,&quot;size&quot;:12,&quot;sizes&quot;:[]},&quot;background_video_link&quot;:&quot;https:\\\/\\\/youtu.be\\\/4FiZFljmTFE&quot;,&quot;background_play_on_mobile&quot;:&quot;yes&quot;,&quot;background_video_start&quot;:3,&quot;background_video_end&quot;:63,&quot;motion_fx_devices&quot;:[&quot;desktop&quot;,&quot;tablet&quot;,&quot;mobile&quot;]}\">\n\t\t<div class=\"elementor-background-video-container\">\n\t\t\t\t\t\t\t<div class=\"elementor-background-video-embed\"><\/div>\n\t\t\t\t\t\t<\/div>\t\t<div class=\"elementor-element elementor-element-05cb0d5 elementor-invisible elementor-widget elementor-widget-heading\" data-id=\"05cb0d5\" data-element_type=\"widget\" data-settings=\"{&quot;_animation&quot;:&quot;fadeIn&quot;}\" data-widget_type=\"heading.default\">\n\t\t\t\t<div class=\"elementor-widget-container\">\n\t\t\t\t\t<h2 class=\"elementor-heading-title elementor-size-default\">WE ARE<\/h2>\t\t\t\t<\/div>\n\t\t\t\t<\/div>\n\t\t\t\t<div class=\"elementor-element elementor-element-ac9c333 animated-slow elementor-invisible elementor-widget elementor-widget-heading\" data-id=\"ac9c333\" data-element_type=\"widget\" data-settings=\"{&quot;motion_fx_motion_fx_scrolling&quot;:&quot;yes&quot;,&quot;motion_fx_blur_effect&quot;:&quot;yes&quot;,&quot;motion_fx_blur_direction&quot;:&quot;in-out&quot;,&quot;motion_fx_blur_range&quot;:{&quot;unit&quot;:&quot;%&quot;,&quot;size&quot;:&quot;&quot;,&quot;sizes&quot;:{&quot;start&quot;:67,&quot;end&quot;:100}},&quot;_animation&quot;:&quot;fadeIn&quot;,&quot;motion_fx_blur_level&quot;:{&quot;unit&quot;:&quot;px&quot;,&quot;size&quot;:7,&quot;sizes&quot;:[]},&quot;motion_fx_devices&quot;:[&quot;desktop&quot;,&quot;tablet&quot;,&quot;mobile&quot;]}\" data-widget_type=\"heading.default\">\n\t\t\t\t<div class=\"elementor-widget-container\">\n\t\t\t\t\t<h2 class=\"elementor-heading-title elementor-size-default\">MUSIC WITH PERSONALITY<\/h2>\t\t\t\t<\/div>\n\t\t\t\t<\/div>\n\t\t\t\t<div class=\"elementor-element elementor-element-9d5ac87 animated-slow elementor-invisible elementor-widget elementor-widget-heading\" data-id=\"9d5ac87\" data-element_type=\"widget\" data-settings=\"{&quot;motion_fx_motion_fx_scrolling&quot;:&quot;yes&quot;,&quot;motion_fx_blur_effect&quot;:&quot;yes&quot;,&quot;motion_fx_blur_direction&quot;:&quot;in-out&quot;,&quot;motion_fx_blur_range&quot;:{&quot;unit&quot;:&quot;%&quot;,&quot;size&quot;:&quot;&quot;,&quot;sizes&quot;:{&quot;start&quot;:65,&quot;end&quot;:100}},&quot;motion_fx_motion_fx_mouse&quot;:&quot;yes&quot;,&quot;motion_fx_mouseTrack_effect&quot;:&quot;yes&quot;,&quot;motion_fx_mouseTrack_speed&quot;:{&quot;unit&quot;:&quot;px&quot;,&quot;size&quot;:0.1,&quot;sizes&quot;:[]},&quot;_animation&quot;:&quot;fadeIn&quot;,&quot;_animation_delay&quot;:1000,&quot;motion_fx_mouseTrack_direction&quot;:&quot;negative&quot;,&quot;motion_fx_blur_level&quot;:{&quot;unit&quot;:&quot;px&quot;,&quot;size&quot;:7,&quot;sizes&quot;:[]},&quot;motion_fx_devices&quot;:[&quot;desktop&quot;,&quot;tablet&quot;,&quot;mobile&quot;]}\" data-widget_type=\"heading.default\">\n\t\t\t\t<div class=\"elementor-widget-container\">\n\t\t\t\t\t<h2 class=\"elementor-heading-title elementor-size-default\">ART WITH PEOPLE<\/h2>\t\t\t\t<\/div>\n\t\t\t\t<\/div>\n\t\t\t\t<div class=\"elementor-element elementor-element-0ba4918 animated-slow elementor-invisible elementor-widget elementor-widget-heading\" data-id=\"0ba4918\" data-element_type=\"widget\" data-settings=\"{&quot;motion_fx_motion_fx_scrolling&quot;:&quot;yes&quot;,&quot;motion_fx_blur_effect&quot;:&quot;yes&quot;,&quot;motion_fx_blur_direction&quot;:&quot;in-out&quot;,&quot;motion_fx_blur_range&quot;:{&quot;unit&quot;:&quot;%&quot;,&quot;size&quot;:&quot;&quot;,&quot;sizes&quot;:{&quot;start&quot;:45,&quot;end&quot;:100}},&quot;_animation&quot;:&quot;fadeIn&quot;,&quot;motion_fx_blur_level&quot;:{&quot;unit&quot;:&quot;px&quot;,&quot;size&quot;:7,&quot;sizes&quot;:[]},&quot;motion_fx_devices&quot;:[&quot;desktop&quot;,&quot;tablet&quot;,&quot;mobile&quot;]}\" data-widget_type=\"heading.default\">\n\t\t\t\t<div class=\"elementor-widget-container\">\n\t\t\t\t\t<h2 class=\"elementor-heading-title elementor-size-default\">ADVERTISING WITH RESPONSABILITY<\/h2>\t\t\t\t<\/div>\n\t\t\t\t<\/div>\n\t\t\t\t<div class=\"elementor-element elementor-element-90b8196 animated-slow elementor-invisible elementor-widget elementor-widget-heading\" data-id=\"90b8196\" data-element_type=\"widget\" data-settings=\"{&quot;motion_fx_motion_fx_scrolling&quot;:&quot;yes&quot;,&quot;motion_fx_blur_effect&quot;:&quot;yes&quot;,&quot;motion_fx_blur_direction&quot;:&quot;in-out&quot;,&quot;motion_fx_blur_range&quot;:{&quot;unit&quot;:&quot;%&quot;,&quot;size&quot;:&quot;&quot;,&quot;sizes&quot;:{&quot;start&quot;:42,&quot;end&quot;:100}},&quot;motion_fx_motion_fx_mouse&quot;:&quot;yes&quot;,&quot;motion_fx_mouseTrack_effect&quot;:&quot;yes&quot;,&quot;motion_fx_mouseTrack_direction&quot;:&quot;negative&quot;,&quot;_animation&quot;:&quot;fadeIn&quot;,&quot;_animation_delay&quot;:1000,&quot;motion_fx_mouseTrack_speed&quot;:{&quot;unit&quot;:&quot;px&quot;,&quot;size&quot;:0.1,&quot;sizes&quot;:[]},&quot;motion_fx_blur_level&quot;:{&quot;unit&quot;:&quot;px&quot;,&quot;size&quot;:7,&quot;sizes&quot;:[]},&quot;motion_fx_devices&quot;:[&quot;desktop&quot;,&quot;tablet&quot;,&quot;mobile&quot;]}\" data-widget_type=\"heading.default\">\n\t\t\t\t<div class=\"elementor-widget-container\">\n\t\t\t\t\t<h2 class=\"elementor-heading-title elementor-size-default\">Experiencing WITH PASSION<\/h2>\t\t\t\t<\/div>\n\t\t\t\t<\/div>\n\t\t\t\t<\/div>\n\t\t\t\t<section class=\"elementor-section elementor-top-section elementor-element elementor-element-102b032 elementor-section-stretched elementor-section-full_width elementor-section-content-middle elementor-section-height-default elementor-section-height-default\" data-id=\"102b032\" data-element_type=\"section\" data-settings=\"{&quot;stretch_section&quot;:&quot;section-stretched&quot;}\">\n\t\t\t\t\t\t<div class=\"elementor-container elementor-column-gap-no\">\n\t\t\t\t\t<div class=\"elementor-column elementor-col-100 elementor-top-column elementor-element elementor-element-5383bf1a\" data-id=\"5383bf1a\" data-element_type=\"column\">\n\t\t\t<div class=\"elementor-widget-wrap elementor-element-populated\">\n\t\t\t\t\t\t<section class=\"elementor-section elementor-inner-section elementor-element elementor-element-7ee7780 elementor-section-boxed elementor-section-height-default elementor-section-height-default\" data-id=\"7ee7780\" data-element_type=\"section\">\n\t\t\t\t\t\t<div class=\"elementor-container elementor-column-gap-default\">\n\t\t\t\t\t<div class=\"elementor-column elementor-col-100 elementor-inner-column elementor-element elementor-element-37c9e86\" data-id=\"37c9e86\" data-element_type=\"column\">\n\t\t\t<div class=\"elementor-widget-wrap\">\n\t\t\t\t\t\t\t<\/div>\n\t\t<\/div>\n\t\t\t\t\t<\/div>\n\t\t<\/section>\n\t\t\t\t<section class=\"elementor-section elementor-inner-section elementor-element elementor-element-260344d1 elementor-section-boxed elementor-section-height-default elementor-section-height-default\" data-id=\"260344d1\" data-element_type=\"section\">\n\t\t\t\t\t\t<div class=\"elementor-container elementor-column-gap-default\">\n\t\t\t\t\t<div class=\"elementor-column elementor-col-66 elementor-inner-column elementor-element elementor-element-93bd126\" data-id=\"93bd126\" data-element_type=\"column\">\n\t\t\t<div class=\"elementor-widget-wrap elementor-element-populated\">\n\t\t\t\t\t\t<div class=\"elementor-element elementor-element-5fd38a2b elementor-widget-tablet__width-inherit elementor-invisible elementor-widget elementor-widget-text-editor\" data-id=\"5fd38a2b\" data-element_type=\"widget\" data-settings=\"{&quot;_animation&quot;:&quot;fadeIn&quot;}\" data-widget_type=\"text-editor.default\">\n\t\t\t\t<div class=\"elementor-widget-container\">\n\t\t\t\t\t\t\t\t\t<p>Numa corrida desenfreada pela tend\u00eancia, num medo incessante do &#8220;ultrapassado&#8221;, numa luta que se baralha algures no conceito da igualdade e da diferen\u00e7a, a raiz, de onde outrora tudo nasceu, perde a sua profundidade. A ironia de um mundo globalizado, expressa-se na vontade de todos quererem ser igualmente \u00fanicos, olhando para o que os rodeiam \u00e0 procura de se destacarem, esquecendo-se daquilo que nos torna singulares \u2013 o Eu de cada Um. Desafi\u00e1mo-nos a crescer, a mudar, a transformar. Inspir\u00e1mo-nos na ess\u00eancia, aceitando que o mundo que nos rodeia n\u00e3o pode parar, o amor une-nos no caminho tra\u00e7ado para cuidar do presente e escrever o futuro.<\/p>\t\t\t\t\t\t\t\t<\/div>\n\t\t\t\t<\/div>\n\t\t\t\t\t<\/div>\n\t\t<\/div>\n\t\t\t\t<div class=\"elementor-column elementor-col-50 elementor-inner-column elementor-element elementor-element-49c3635\" data-id=\"49c3635\" data-element_type=\"column\">\n\t\t\t<div class=\"elementor-widget-wrap elementor-element-populated\">\n\t\t\t\t\t\t<div class=\"elementor-element elementor-element-7618e8c0 elementor-widget-tablet__width-inherit elementor-invisible elementor-widget elementor-widget-text-editor\" data-id=\"7618e8c0\" data-element_type=\"widget\" data-settings=\"{&quot;_animation&quot;:&quot;fadeIn&quot;}\" data-widget_type=\"text-editor.default\">\n\t\t\t\t<div class=\"elementor-widget-container\">\n\t\t\t\t\t\t\t\t\t<p>A luz de Lisboa ilumina-nos, \u00e9 a nossa fonte. As ruas d\u00e3o-nos a hist\u00f3ria de um passado cheio, sem tirar o feeling na cren\u00e7a do novo. Na nossa Lisboa sacudimos a nostalgia e o tr\u00e1gico, desafiamo-nos a &#8220;trazer&#8221; a Lisboa para os que c\u00e1 vivem, agitamos a alegria de uma cidade vibrante. Vivemos entre estas duas ideias, entre estas duas cidades, aprendendo todos os dias a quebrar preconceitos, come\u00e7ando por marcar a diferen\u00e7a em n\u00f3s mesmos, na esperan\u00e7a de que a desigualdade se &#8220;lave&#8221; algures entre o Tejo de Lisboa e os canais de Amsterdam.\u00a0<\/p>\t\t\t\t\t\t\t\t<\/div>\n\t\t\t\t<\/div>\n\t\t\t\t\t<\/div>\n\t\t<\/div>\n\t\t\t\t\t<\/div>\n\t\t<\/section>\n\t\t\t\t\t<\/div>\n\t\t<\/div>\n\t\t\t\t\t<\/div>\n\t\t<\/section>\n\t\t\t\t<\/div>","protected":false},"excerpt":{"rendered":"<p>WE ARE MUSIC WITH PERSONALITY ART WITH PEOPLE ADVERTISING WITH RESPONSABILITY Experiencing WITH PASSION Numa corrida desenfreada pela tend\u00eancia, num medo incessante do &#8220;ultrapassado&#8221;, numa luta que se baralha algures no conceito da igualdade e da diferen\u00e7a, a raiz, de onde outrora tudo nasceu, perde a sua profundidade. A ironia de um mundo globalizado, expressa-se [&hellip;]<\/p>","protected":false},"author":1,"featured_media":0,"parent":0,"menu_order":0,"comment_status":"closed","ping_status":"closed","template":"","meta":{"site-sidebar-layout":"no-sidebar","site-content-layout":"","ast-site-content-layout":"full-width-container","site-content-style":"default","site-sidebar-style":"default","ast-global-header-display":"","ast-banner-title-visibility":"","ast-main-header-display":"","ast-hfb-above-header-display":"","ast-hfb-below-header-display":"","ast-hfb-mobile-header-display":"","site-post-title":"disabled","ast-breadcrumbs-content":"","ast-featured-img":"disabled","footer-sml-layout":"","theme-transparent-header-meta":"","adv-header-id-meta":"","stick-header-meta":"","header-above-stick-meta":"","header-main-stick-meta":"","header-below-stick-meta":"","astra-migrate-meta-layouts":"default","ast-page-background-enabled":"default","ast-page-background-meta":{"desktop":{"background-color":"var(--ast-global-color-4)","background-image":"","background-repeat":"repeat","background-position":"center center","background-size":"auto","background-attachment":"scroll","background-type":"","background-media":"","overlay-type":"","overlay-color":"","overlay-gradient":""},"tablet":{"background-color":"","background-image":"","background-repeat":"repeat","background-position":"center center","background-size":"auto","background-attachment":"scroll","background-type":"","background-media":"","overlay-type":"","overlay-color":"","overlay-gradient":""},"mobile":{"background-color":"","background-image":"","background-repeat":"repeat","background-position":"center center","background-size":"auto","background-attachment":"scroll","background-type":"","background-media":"","overlay-type":"","overlay-color":"","overlay-gradient":""}},"ast-content-background-meta":{"desktop":{"background-color":"var(--ast-global-color-5)","background-image":"","background-repeat":"repeat","background-position":"center center","background-size":"auto","background-attachment":"scroll","background-type":"","background-media":"","overlay-type":"","overlay-color":"","overlay-gradient":""},"tablet":{"background-color":"var(--ast-global-color-5)","background-image":"","background-repeat":"repeat","background-position":"center center","background-size":"auto","background-attachment":"scroll","background-type":"","background-media":"","overlay-type":"","overlay-color":"","overlay-gradient":""},"mobile":{"background-color":"var(--ast-global-color-5)","background-image":"","background-repeat":"repeat","background-position":"center center","background-size":"auto","background-attachment":"scroll","background-type":"","background-media":"","overlay-type":"","overlay-color":"","overlay-gradient":""}},"footnotes":""},"class_list":["post-14","page","type-page","status-publish","hentry"],"yoast_head":"<!-- This site is optimized with the Yoast SEO plugin v24.9 - https:\/\/yoast.com\/wordpress\/plugins\/seo\/ -->\n<title>We are - LX.XXX<\/title>\n<meta name=\"description\" content=\"Numa corrida desenfreada pela tend\u00eancia, num medo incessante do \u201cultrapassado\u201d, numa luta que se baralha algures no conceito da igualdade e da diferen\u00e7a, a raiz, de onde outrora tudo nasceu, perde a sua profundidade\" \/>\n<meta name=\"robots\" content=\"index, follow, max-snippet:-1, max-image-preview:large, max-video-preview:-1\" \/>\n<link rel=\"canonical\" href=\"https:\/\/www.lx-xxx.com\/en\/we-are\/\" \/>\n<meta property=\"og:locale\" content=\"en_US\" \/>\n<meta property=\"og:type\" content=\"article\" \/>\n<meta property=\"og:title\" content=\"We are - LX.XXX\" \/>\n<meta property=\"og:description\" content=\"Numa corrida desenfreada pela tend\u00eancia, num medo incessante do \u201cultrapassado\u201d, numa luta que se baralha algures no conceito da igualdade e da diferen\u00e7a, a raiz, de onde outrora tudo nasceu, perde a sua profundidade\" \/>\n<meta property=\"og:url\" content=\"https:\/\/www.lx-xxx.com\/en\/we-are\/\" \/>\n<meta property=\"og:site_name\" content=\"LX.XXX\" \/>\n<meta property=\"article:modified_time\" content=\"2024-04-23T10:05:56+00:00\" \/>\n<meta name=\"twitter:card\" content=\"summary_large_image\" \/>\n<meta name=\"twitter:label1\" content=\"Est. reading time\" \/>\n\t<meta name=\"twitter:data1\" content=\"8 minutes\" \/>\n<script type=\"application\/ld+json\" class=\"yoast-schema-graph\">{\"@context\":\"https:\/\/schema.org\",\"@graph\":[{\"@type\":\"WebPage\",\"@id\":\"https:\/\/www.lx-xxx.com\/en\/we-are\/\",\"url\":\"https:\/\/www.lx-xxx.com\/en\/we-are\/\",\"name\":\"We are - LX.XXX\",\"isPartOf\":{\"@id\":\"https:\/\/www.lx-xxx.com\/en\/#website\"},\"datePublished\":\"2023-12-10T19:34:31+00:00\",\"dateModified\":\"2024-04-23T10:05:56+00:00\",\"description\":\"Numa corrida desenfreada pela tend\u00eancia, num medo incessante do \u201cultrapassado\u201d, numa luta que se baralha algures no conceito da igualdade e da diferen\u00e7a, a raiz, de onde outrora tudo nasceu, perde a sua profundidade\",\"breadcrumb\":{\"@id\":\"https:\/\/www.lx-xxx.com\/en\/we-are\/#breadcrumb\"},\"inLanguage\":\"en-US\",\"potentialAction\":[{\"@type\":\"ReadAction\",\"target\":[\"https:\/\/www.lx-xxx.com\/en\/we-are\/\"]}]},{\"@type\":\"BreadcrumbList\",\"@id\":\"https:\/\/www.lx-xxx.com\/en\/we-are\/#breadcrumb\",\"itemListElement\":[{\"@type\":\"ListItem\",\"position\":1,\"name\":\"Home\",\"item\":\"https:\/\/www.lx-xxx.com\/en\/\"},{\"@type\":\"ListItem\",\"position\":2,\"name\":\"We are\"}]},{\"@type\":\"WebSite\",\"@id\":\"https:\/\/www.lx-xxx.com\/en\/#website\",\"url\":\"https:\/\/www.lx-xxx.com\/en\/\",\"name\":\"LX.XXX\",\"description\":\"\",\"publisher\":{\"@id\":\"https:\/\/www.lx-xxx.com\/en\/#organization\"},\"potentialAction\":[{\"@type\":\"SearchAction\",\"target\":{\"@type\":\"EntryPoint\",\"urlTemplate\":\"https:\/\/www.lx-xxx.com\/en\/?s={search_term_string}\"},\"query-input\":{\"@type\":\"PropertyValueSpecification\",\"valueRequired\":true,\"valueName\":\"search_term_string\"}}],\"inLanguage\":\"en-US\"},{\"@type\":\"Organization\",\"@id\":\"https:\/\/www.lx-xxx.com\/en\/#organization\",\"name\":\"LX.XXX Lisboa Amsterdam\",\"url\":\"https:\/\/www.lx-xxx.com\/en\/\",\"logo\":{\"@type\":\"ImageObject\",\"inLanguage\":\"en-US\",\"@id\":\"https:\/\/www.lx-xxx.com\/en\/#\/schema\/logo\/image\/\",\"url\":\"https:\/\/www.lx-xxx.com\/wp-content\/uploads\/2024\/01\/cropped-favicon.png\",\"contentUrl\":\"https:\/\/www.lx-xxx.com\/wp-content\/uploads\/2024\/01\/cropped-favicon.png\",\"width\":512,\"height\":512,\"caption\":\"LX.XXX Lisboa Amsterdam\"},\"image\":{\"@id\":\"https:\/\/www.lx-xxx.com\/en\/#\/schema\/logo\/image\/\"},\"sameAs\":[\"https:\/\/www.instagram.com\/lisboamsterdam\/?hl=en\"]}]}<\/script>\n<!-- \/ Yoast SEO plugin. -->","yoast_head_json":{"title":"We are - LX.XXX","description":"Numa corrida desenfreada pela tend\u00eancia, num medo incessante do \u201cultrapassado\u201d, numa luta que se baralha algures no conceito da igualdade e da diferen\u00e7a, a raiz, de onde outrora tudo nasceu, perde a sua profundidade","robots":{"index":"index","follow":"follow","max-snippet":"max-snippet:-1","max-image-preview":"max-image-preview:large","max-video-preview":"max-video-preview:-1"},"canonical":"https:\/\/www.lx-xxx.com\/en\/we-are\/","og_locale":"en_US","og_type":"article","og_title":"We are - LX.XXX","og_description":"Numa corrida desenfreada pela tend\u00eancia, num medo incessante do \u201cultrapassado\u201d, numa luta que se baralha algures no conceito da igualdade e da diferen\u00e7a, a raiz, de onde outrora tudo nasceu, perde a sua profundidade","og_url":"https:\/\/www.lx-xxx.com\/en\/we-are\/","og_site_name":"LX.XXX","article_modified_time":"2024-04-23T10:05:56+00:00","twitter_card":"summary_large_image","twitter_misc":{"Est. reading time":"8 minutes"},"schema":{"@context":"https:\/\/schema.org","@graph":[{"@type":"WebPage","@id":"https:\/\/www.lx-xxx.com\/en\/we-are\/","url":"https:\/\/www.lx-xxx.com\/en\/we-are\/","name":"We are - LX.XXX","isPartOf":{"@id":"https:\/\/www.lx-xxx.com\/en\/#website"},"datePublished":"2023-12-10T19:34:31+00:00","dateModified":"2024-04-23T10:05:56+00:00","description":"Numa corrida desenfreada pela tend\u00eancia, num medo incessante do \u201cultrapassado\u201d, numa luta que se baralha algures no conceito da igualdade e da diferen\u00e7a, a raiz, de onde outrora tudo nasceu, perde a sua profundidade","breadcrumb":{"@id":"https:\/\/www.lx-xxx.com\/en\/we-are\/#breadcrumb"},"inLanguage":"en-US","potentialAction":[{"@type":"ReadAction","target":["https:\/\/www.lx-xxx.com\/en\/we-are\/"]}]},{"@type":"BreadcrumbList","@id":"https:\/\/www.lx-xxx.com\/en\/we-are\/#breadcrumb","itemListElement":[{"@type":"ListItem","position":1,"name":"Home","item":"https:\/\/www.lx-xxx.com\/en\/"},{"@type":"ListItem","position":2,"name":"We are"}]},{"@type":"WebSite","@id":"https:\/\/www.lx-xxx.com\/en\/#website","url":"https:\/\/www.lx-xxx.com\/en\/","name":"LX.XXX","description":"","publisher":{"@id":"https:\/\/www.lx-xxx.com\/en\/#organization"},"potentialAction":[{"@type":"SearchAction","target":{"@type":"EntryPoint","urlTemplate":"https:\/\/www.lx-xxx.com\/en\/?s={search_term_string}"},"query-input":{"@type":"PropertyValueSpecification","valueRequired":true,"valueName":"search_term_string"}}],"inLanguage":"en-US"},{"@type":"Organization","@id":"https:\/\/www.lx-xxx.com\/en\/#organization","name":"LX.XXX Lisboa Amsterdam","url":"https:\/\/www.lx-xxx.com\/en\/","logo":{"@type":"ImageObject","inLanguage":"en-US","@id":"https:\/\/www.lx-xxx.com\/en\/#\/schema\/logo\/image\/","url":"https:\/\/www.lx-xxx.com\/wp-content\/uploads\/2024\/01\/cropped-favicon.png","contentUrl":"https:\/\/www.lx-xxx.com\/wp-content\/uploads\/2024\/01\/cropped-favicon.png","width":512,"height":512,"caption":"LX.XXX Lisboa Amsterdam"},"image":{"@id":"https:\/\/www.lx-xxx.com\/en\/#\/schema\/logo\/image\/"},"sameAs":["https:\/\/www.instagram.com\/lisboamsterdam\/?hl=en"]}]}},"_links":{"self":[{"href":"https:\/\/www.lx-xxx.com\/en\/wp-json\/wp\/v2\/pages\/14","targetHints":{"allow":["GET"]}}],"collection":[{"href":"https:\/\/www.lx-xxx.com\/en\/wp-json\/wp\/v2\/pages"}],"about":[{"href":"https:\/\/www.lx-xxx.com\/en\/wp-json\/wp\/v2\/types\/page"}],"author":[{"embeddable":true,"href":"https:\/\/www.lx-xxx.com\/en\/wp-json\/wp\/v2\/users\/1"}],"replies":[{"embeddable":true,"href":"https:\/\/www.lx-xxx.com\/en\/wp-json\/wp\/v2\/comments?post=14"}],"version-history":[{"count":10,"href":"https:\/\/www.lx-xxx.com\/en\/wp-json\/wp\/v2\/pages\/14\/revisions"}],"predecessor-version":[{"id":2308,"href":"https:\/\/www.lx-xxx.com\/en\/wp-json\/wp\/v2\/pages\/14\/revisions\/2308"}],"wp:attachment":[{"href":"https:\/\/www.lx-xxx.com\/en\/wp-json\/wp\/v2\/media?parent=14"}],"curies":[{"name":"wp","href":"https:\/\/api.w.org\/{rel}","templated":true}]}}